{"id":20,"date":"2023-01-11T14:54:19","date_gmt":"2023-01-11T13:54:19","guid":{"rendered":"https:\/\/www.domis.de\/wp\/?page_id=20"},"modified":"2023-07-10T13:20:30","modified_gmt":"2023-07-10T11:20:30","slug":"willkommen","status":"publish","type":"page","link":"https:\/\/www.domis.de\/wp\/","title":{"rendered":"Herzlich Willkommen"},"content":{"rendered":"\n<p>DomIS &#8211; Integrated Solutions bietet Dienstleistungen f\u00fcr technische Systeme im Internetzeitalter bereits seit 1996 an.<\/p>\n\n\n\n<p>Wir erstellen Software f\u00fcr Windows mit Lazarus und FreePascal, f\u00fcr PIC-Mikrocontroller, wir verbinden Systeme mit dem Internet und sammeln Daten zur sp\u00e4teren Auswertung in SQL-Datenbanken (mySQL, MariaDB).<\/p>\n\n\n\n<p>Wir hosten Domains und Web-Anwendungen auf gemieteten Servern an zentraler Knotenlage in Deutschland.<\/p>\n\n\n\n<p>Wir betreuen Ihre Computersysteme, aktualisieren Software, installieren Peripherie, auch f\u00fcr Privatpersonen. <\/p>\n\n\n\n<p>Wir arbeiten auf Projektbasis und rechnen Stundengenau ab &#8211; sprechen Sie uns an!<\/p>\n","protected":false},"excerpt":{"rendered":"<p>DomIS &#8211; Integrated Solutions bietet Dienstleistungen f\u00fcr technische Systeme im Internetzeitalter bereits seit 1996 an. Wir erstellen Software f\u00fcr Windows mit Lazarus und FreePascal, f\u00fcr PIC-Mikrocontroller, wir verbinden Systeme mit dem Internet und sammeln Daten zur sp\u00e4teren Auswertung in SQL-Datenbanken (mySQL, MariaDB). Wir hosten Domains und Web-Anwendungen auf gemieteten Servern an zentraler Knotenlage in Deutschland. &hellip; <\/p>\n<p class=\"link-more\"><a href=\"https:\/\/www.domis.de\/wp\/\" class=\"more-link\">Lesen Sie den ganzen Beitrag &rarr;<span class=\"screen-reader-text\">&#8222;Herzlich Willkommen&#8220;<\/span><\/a><\/p>\n","protected":false},"author":1,"featured_media":0,"parent":0,"menu_order":0,"comment_status":"closed","ping_status":"closed","template":"","meta":{"footnotes":""},"class_list":["post-20","page","type-page","status-publish","hentry"],"_links":{"self":[{"href":"https:\/\/www.domis.de\/wp\/index.php?rest_route=\/wp\/v2\/pages\/20","targetHints":{"allow":["GET"]}}],"collection":[{"href":"https:\/\/www.domis.de\/wp\/index.php?rest_route=\/wp\/v2\/pages"}],"about":[{"href":"https:\/\/www.domis.de\/wp\/index.php?rest_route=\/wp\/v2\/types\/page"}],"author":[{"embeddable":true,"href":"https:\/\/www.domis.de\/wp\/index.php?rest_route=\/wp\/v2\/users\/1"}],"replies":[{"embeddable":true,"href":"https:\/\/www.domis.de\/wp\/index.php?rest_route=%2Fwp%2Fv2%2Fcomments&post=20"}],"version-history":[{"count":4,"href":"https:\/\/www.domis.de\/wp\/index.php?rest_route=\/wp\/v2\/pages\/20\/revisions"}],"predecessor-version":[{"id":68,"href":"https:\/\/www.domis.de\/wp\/index.php?rest_route=\/wp\/v2\/pages\/20\/revisions\/68"}],"wp:attachment":[{"href":"https:\/\/www.domis.de\/wp\/index.php?rest_route=%2Fwp%2Fv2%2Fmedia&parent=20"}],"curies":[{"name":"wp","href":"https:\/\/api.w.org\/{rel}","templated":true}]}}