{"id":39,"date":"2023-02-04T20:27:25","date_gmt":"2023-02-04T19:27:25","guid":{"rendered":"https:\/\/www.domis.de\/wp\/?page_id=39"},"modified":"2023-02-04T20:27:25","modified_gmt":"2023-02-04T19:27:25","slug":"firmware-fuer-mikrocontroller","status":"publish","type":"page","link":"https:\/\/www.domis.de\/wp\/?page_id=39","title":{"rendered":"Firmware f\u00fcr Mikrocontroller"},"content":{"rendered":"\n<p>Firmware f\u00fcr <a rel=\"noreferrer noopener\" href=\"https:\/\/de.wikipedia.org\/wiki\/Mikrocontroller\" target=\"_blank\">Mikrocontroller<\/a> wird i.d.R. mit den von deren Herstellern gelieferten IDEs und deren Compilern erstellt. Die \u00fcbliche Programmiersprache ist C.<\/p>\n\n\n\n<p>F\u00fcr die breite Pallette der Mikrocontroller der <a rel=\"noreferrer noopener\" href=\"https:\/\/de.wikipedia.org\/wiki\/Microchip_Technology\" target=\"_blank\">Microchip Technology<\/a> (&#8222;<a rel=\"noreferrer noopener\" href=\"https:\/\/de.wikipedia.org\/wiki\/PICmicro\" target=\"_blank\">PIC-Controller<\/a>&#8222;) kommt die MPLAB-X IDE zum Einsatz. Bei den Atmel-Controllern ist dies das &#8222;Atmel Studio&#8220;. F\u00fcr einige \u00e4ltere auf den Intel 8051-Kernen basierenden Controllern kann auch der Einsatz des <a href=\"https:\/\/de.wikipedia.org\/wiki\/Small_Device_C_Compiler\" target=\"_blank\" rel=\"noreferrer noopener\">Small Device C Compiler (SDCC) <\/a>sinnvoll sein.<\/p>\n\n\n\n<p>Mikrocontroller-Programme k\u00f6nnen normalerweise auf kein Betriebssystem zur\u00fcckgreifen, sondern manipulieren die Hardware des Controllers direkt. <br>Unter bestimmten Umst\u00e4nden kann aber der Einsatz des <a href=\"https:\/\/de.wikipedia.org\/wiki\/FreeRTOS\" target=\"_blank\" rel=\"noreferrer noopener\">Echtzeitbetriebssystems Free-RTOS<\/a> sinnvoll sein. Free-RTOS bietet einen prozessorientierten Ansatz und implementiert ein elementares Multitasking. Alle zur Interprozesskommunikation n\u00f6tigen Komponenten wie z.B. Semaphore sind vorhanden.<\/p>\n\n\n\n<p>Auch hier gilt, wir verwenden wahlweise die von Ihnen gestellte IDE oder die von den Herstellern kostenlos bereitgestellte. Alle Quelltexte und die zur Erstellung des &#8222;brennbaren&#8220; Bin\u00e4rprogramms n\u00f6tigen Dateien werden Ihnen zur Verf\u00fcgung gestellt.<\/p>\n","protected":false},"excerpt":{"rendered":"<p>Firmware f\u00fcr Mikrocontroller wird i.d.R. mit den von deren Herstellern gelieferten IDEs und deren Compilern erstellt. Die \u00fcbliche Programmiersprache ist C. F\u00fcr die breite Pallette der Mikrocontroller der Microchip Technology (&#8222;PIC-Controller&#8222;) kommt die MPLAB-X IDE zum Einsatz. Bei den Atmel-Controllern ist dies das &#8222;Atmel Studio&#8220;. F\u00fcr einige \u00e4ltere auf den Intel 8051-Kernen basierenden Controllern kann &hellip; <\/p>\n<p class=\"link-more\"><a href=\"https:\/\/www.domis.de\/wp\/?page_id=39\" class=\"more-link\">Lesen Sie den ganzen Beitrag &rarr;<span class=\"screen-reader-text\">&#8222;Firmware f\u00fcr Mikrocontroller&#8220;<\/span><\/a><\/p>\n","protected":false},"author":1,"featured_media":40,"parent":0,"menu_order":0,"comment_status":"closed","ping_status":"closed","template":"","meta":{"footnotes":""},"class_list":["post-39","page","type-page","status-publish","has-post-thumbnail","hentry"],"_links":{"self":[{"href":"https:\/\/www.domis.de\/wp\/index.php?rest_route=\/wp\/v2\/pages\/39","targetHints":{"allow":["GET"]}}],"collection":[{"href":"https:\/\/www.domis.de\/wp\/index.php?rest_route=\/wp\/v2\/pages"}],"about":[{"href":"https:\/\/www.domis.de\/wp\/index.php?rest_route=\/wp\/v2\/types\/page"}],"author":[{"embeddable":true,"href":"https:\/\/www.domis.de\/wp\/index.php?rest_route=\/wp\/v2\/users\/1"}],"replies":[{"embeddable":true,"href":"https:\/\/www.domis.de\/wp\/index.php?rest_route=%2Fwp%2Fv2%2Fcomments&post=39"}],"version-history":[{"count":1,"href":"https:\/\/www.domis.de\/wp\/index.php?rest_route=\/wp\/v2\/pages\/39\/revisions"}],"predecessor-version":[{"id":41,"href":"https:\/\/www.domis.de\/wp\/index.php?rest_route=\/wp\/v2\/pages\/39\/revisions\/41"}],"wp:featuredmedia":[{"embeddable":true,"href":"https:\/\/www.domis.de\/wp\/index.php?rest_route=\/wp\/v2\/media\/40"}],"wp:attachment":[{"href":"https:\/\/www.domis.de\/wp\/index.php?rest_route=%2Fwp%2Fv2%2Fmedia&parent=39"}],"curies":[{"name":"wp","href":"https:\/\/api.w.org\/{rel}","templated":true}]}}