{"id":43,"date":"2023-02-04T20:43:57","date_gmt":"2023-02-04T19:43:57","guid":{"rendered":"https:\/\/www.domis.de\/wp\/?page_id=43"},"modified":"2023-02-04T20:43:57","modified_gmt":"2023-02-04T19:43:57","slug":"technisches-webdesign","status":"publish","type":"page","link":"https:\/\/www.domis.de\/wp\/?page_id=43","title":{"rendered":"Technisches Webdesign"},"content":{"rendered":"\n<p>Wir erstellen f\u00fcr die Anwendungen unserer Kundinnen und Kunden passende Schnittstellen zum Internet. Diese Schnittstellen sind eher technisch rational gehalten, als das sie Wert auf grafische Finesse legen. F\u00fcr den letzten darstellenden &#8222;Schliff&#8220; arbeiten wir gerne mit Ihrer Werbeagentur zusammen.<\/p>\n\n\n\n<p>F\u00fcr eine aktuelle Darstellung sind vielerlei Software-Komponenten n\u00f6tig, i.d.R sind dies: HTML, CSS, JavaScript, PHP und SQL.<\/p>\n\n\n\n<p>F\u00fcr die SQL-Datenbanken empfehlen wir die quelloffene <a href=\"https:\/\/de.wikipedia.org\/wiki\/MariaDB\" target=\"_blank\" rel=\"noreferrer noopener\">MariaDB<\/a>, ein Fork der bekannteren MySQL-Datenbank.<\/p>\n\n\n\n<p>Mit <a rel=\"noreferrer noopener\" href=\"https:\/\/de.wikipedia.org\/wiki\/WordPress\" target=\"_blank\">WordPress<\/a> haben wir ein geeignetes Content-Management-System (CMS) gefunden, welches wir auch f\u00fcr unsere Kunden einrichten und administrieren.<\/p>\n\n\n\n<p>Wir vermitteln Serverleistungen auf gemieteten Servern an zentraler Position im deutschen Internet, bieten die Anmeldung von Domainnamen u.v.m.<\/p>\n","protected":false},"excerpt":{"rendered":"<p>Wir erstellen f\u00fcr die Anwendungen unserer Kundinnen und Kunden passende Schnittstellen zum Internet. Diese Schnittstellen sind eher technisch rational gehalten, als das sie Wert auf grafische Finesse legen. F\u00fcr den letzten darstellenden &#8222;Schliff&#8220; arbeiten wir gerne mit Ihrer Werbeagentur zusammen. F\u00fcr eine aktuelle Darstellung sind vielerlei Software-Komponenten n\u00f6tig, i.d.R sind dies: HTML, CSS, JavaScript, PHP &hellip; <\/p>\n<p class=\"link-more\"><a href=\"https:\/\/www.domis.de\/wp\/?page_id=43\" class=\"more-link\">Lesen Sie den ganzen Beitrag &rarr;<span class=\"screen-reader-text\">&#8222;Technisches Webdesign&#8220;<\/span><\/a><\/p>\n","protected":false},"author":1,"featured_media":42,"parent":0,"menu_order":0,"comment_status":"closed","ping_status":"closed","template":"","meta":{"footnotes":""},"class_list":["post-43","page","type-page","status-publish","has-post-thumbnail","hentry"],"_links":{"self":[{"href":"https:\/\/www.domis.de\/wp\/index.php?rest_route=\/wp\/v2\/pages\/43","targetHints":{"allow":["GET"]}}],"collection":[{"href":"https:\/\/www.domis.de\/wp\/index.php?rest_route=\/wp\/v2\/pages"}],"about":[{"href":"https:\/\/www.domis.de\/wp\/index.php?rest_route=\/wp\/v2\/types\/page"}],"author":[{"embeddable":true,"href":"https:\/\/www.domis.de\/wp\/index.php?rest_route=\/wp\/v2\/users\/1"}],"replies":[{"embeddable":true,"href":"https:\/\/www.domis.de\/wp\/index.php?rest_route=%2Fwp%2Fv2%2Fcomments&post=43"}],"version-history":[{"count":1,"href":"https:\/\/www.domis.de\/wp\/index.php?rest_route=\/wp\/v2\/pages\/43\/revisions"}],"predecessor-version":[{"id":44,"href":"https:\/\/www.domis.de\/wp\/index.php?rest_route=\/wp\/v2\/pages\/43\/revisions\/44"}],"wp:featuredmedia":[{"embeddable":true,"href":"https:\/\/www.domis.de\/wp\/index.php?rest_route=\/wp\/v2\/media\/42"}],"wp:attachment":[{"href":"https:\/\/www.domis.de\/wp\/index.php?rest_route=%2Fwp%2Fv2%2Fmedia&parent=43"}],"curies":[{"name":"wp","href":"https:\/\/api.w.org\/{rel}","templated":true}]}}